{"id":359,"date":"2018-04-10T17:41:24","date_gmt":"2018-04-10T15:41:24","guid":{"rendered":"https:\/\/tn-invest.be\/?page_id=359"},"modified":"2022-07-15T12:25:03","modified_gmt":"2022-07-15T10:25:03","slug":"privacy","status":"publish","type":"page","link":"https:\/\/tn-invest.be\/fr\/privacy\/","title":{"rendered":"D\u00e9claration de Confidentialit\u00e9"},"content":{"rendered":"<div id=\"pl-359\"  class=\"panel-layout\" ><div id=\"pg-359-0\"  class=\"panel-grid panel-has-style\" ><div class=\"wide-grey panel-row-style panel-row-style-for-359-0\" ><div id=\"pgc-359-0-0\"  class=\"panel-grid-cell\" ><style type=\"text\/css\">\n.qtranxs_widget ul { margin: 0; }\n.qtranxs_widget ul li\n{\ndisplay: inline; \/* horizontal list, use \"list-item\" or other appropriate value for vertical list *\/\nlist-style-type: none; \/* use \"initial\" or other to enable bullets *\/\nmargin: 0 5px 0 0; \/* adjust spacing between items *\/\nopacity: 0.5;\n-o-transition: 1s ease opacity;\n-moz-transition: 1s ease opacity;\n-webkit-transition: 1s ease opacity;\ntransition: 1s ease opacity;\n}\n\/* .qtranxs_widget ul li span { margin: 0 5px 0 0; } *\/ \/* other way to control spacing *\/\n.qtranxs_widget ul li.active { opacity: 0.8; }\n.qtranxs_widget ul li:hover { opacity: 1; }\n.qtranxs_widget img { box-shadow: none; vertical-align: middle; display: initial; }\n.qtranxs_flag { height:12px; width:18px; display:block; }\n.qtranxs_flag_and_text { padding-left:20px; }\n.qtranxs_flag span { display:none; }\n<\/style>\n<div id=\"panel-359-0-0-0\" class=\"so-panel widget widget_qtranslate qtranxs_widget panel-first-child\" data-index=\"0\" ><div class=\"talen panel-widget-style panel-widget-style-for-359-0-0-0\" >\n<ul class=\"language-chooser language-chooser-image qtranxs_language_chooser\" id=\"qtranslate-1-chooser\">\n<li class=\"lang-nl\"><a href=\"https:\/\/tn-invest.be\/nl\/wp-json\/wp\/v2\/pages\/359\" hreflang=\"nl\" title=\"Nederlands (nl)\" class=\"qtranxs_image qtranxs_image_nl\"><img decoding=\"async\" src=\"https:\/\/tn-invest.be\/wp-content\/plugins\/qtranslate-x\/flags\/nl.png\" alt=\"Nederlands (nl)\" \/><span style=\"display:none\">Nederlands<\/span><\/a><\/li>\n<li class=\"lang-fr active\"><a href=\"https:\/\/tn-invest.be\/fr\/wp-json\/wp\/v2\/pages\/359\" hreflang=\"fr\" title=\"Fran\u00e7ais (fr)\" class=\"qtranxs_image qtranxs_image_fr\"><img decoding=\"async\" src=\"https:\/\/tn-invest.be\/wp-content\/plugins\/qtranslate-x\/flags\/fr.png\" alt=\"Fran\u00e7ais (fr)\" \/><span style=\"display:none\">Fran\u00e7ais<\/span><\/a><\/li>\n<\/ul><div class=\"qtranxs_widget_end\"><\/div>\n<\/div><\/div><div id=\"panel-359-0-0-1\" class=\"so-panel widget widget_sow-editor panel-last-child\" data-index=\"1\" ><div\n\t\t\t\n\t\t\tclass=\"so-widget-sow-editor so-widget-sow-editor-base\"\n\t\t\t\n\t\t><h3 class=\"widget-title\">Privacy Statement<\/h3>\n<div class=\"siteorigin-widget-tinymce textwidget\">\n\t<\/p>\n<p>TN-Invest sprl, \u00e9tablie \u00e0 Esdoornstraat 52, 8300 Knokke-Heist, Belgique, est responsable du traitement des donn\u00e9es personnelles telles qu'elles figurent dans la pr\u00e9sente d\u00e9claration de confidentialit\u00e9.<\/p>\n<p><strong>Coordonn\u00e9es :<\/strong><\/p>\n<p>TN-Invest sprl, Nijverheidsstraat 13<br data-rich-text-line-break=\"true\" \/>2260 Westerlo<br data-rich-text-line-break=\"true\" \/>Belgique <br \/>+3250691851<\/p>\n<p>Tony Nollet est le Responsable de la Protection des Donn\u00e9es de TN-Invest sprl. Il est joignable \u00e0 tony@tn-invest.be<\/p>\n<p><strong>Donn\u00e9es personnelles trait\u00e9es par nos soins<\/strong><\/p>\n<p>TN-Invest sprl traite vos donn\u00e9es personnelles parce que vous utilisez nos services et\/ou parce que vous nous les fournissez vous-m\u00eame.<\/p>\n<p>Vous trouverez ci-dessous un aper\u00e7u des donn\u00e9es personnelles que nous traitons :<\/p>\n<p>- Nom et pr\u00e9nom<br \/>- Adresse<br \/>- Num\u00e9ro de t\u00e9l\u00e9phone<br \/>- Adresse e-mail<br \/>- Autres donn\u00e9es personnelles que vous fournissez activement, par exemple en cr\u00e9ant un profil sur nos sites Internet, dans la correspondance et par t\u00e9l\u00e9phone.<br \/>- Informations sur vos activit\u00e9s sur nos sites Internet<\/p>\n<p><strong>Donn\u00e9es personnelles sp\u00e9ciales et\/ou sensibles trait\u00e9es par nos soins<\/strong><\/p>\n<p>Notre site Internet et\/ou service n'a pas l'intention de collecter des donn\u00e9es sur les visiteurs de moins de 16 ans. \u00c0 moins qu'ils n'aient la permission des parents ou du tuteur. Cependant, nous ne pouvons pas v\u00e9rifier si un visiteur est \u00e2g\u00e9 de plus de 16 ans. Nous recommandons donc que les parents soient impliqu\u00e9s dans les activit\u00e9s en ligne de leurs enfants afin d'emp\u00eacher la collecte de donn\u00e9es sur les enfants sans le consentement des parents. Si vous croyez que nous avons recueilli des donn\u00e9es personnelles sur un mineur sans ce consentement, veuillez nous contacter \u00e0 info@tn-invest.be et nous supprimerons ces informations.<\/p>\n<p>Dans quel but et sur quelle base traitons-nous les donn\u00e9es personnelles<\/p>\n<p>TN-Invest sprl traite vos donn\u00e9es personnelles aux fins suivantes :<\/p>\n<p>- Traitement de votre commande et paiement<br \/>- Pouvoir vous appeler ou vous envoyer un e-mail si cela est n\u00e9cessaire afin de pouvoir r\u00e9aliser nos services<br \/>- Vous informer des changements apport\u00e9s \u00e0 nos services et produits.<br \/>- Vous offrir la possibilit\u00e9 de cr\u00e9er un compte<br \/>- Vous livrer des biens et services<br \/>- TN-Invest sprl traite \u00e9galement les donn\u00e9es personnelles si nous sommes l\u00e9galement oblig\u00e9s de le faire, en l\u2019occurrence les donn\u00e9es dont nous avons besoin pour notre d\u00e9claration fiscale.<\/p>\n<p><strong>Dur\u00e9e de conservation des donn\u00e9es personnelles<\/strong><\/p>\n<p>TN-Invest sprl ne conserve pas vos donn\u00e9es personnelles plus longtemps qu'il n'est strictement n\u00e9cessaire pour atteindre les objectifs pour lesquels vos donn\u00e9es sont collect\u00e9es.<\/p>\n<p><strong>Partage de donn\u00e9es personnelles avec des tiers<\/strong><\/p>\n<p>TN-Invest sprl ne vend pas vos donn\u00e9es \u00e0 des tiers et ne les fournit que si cela est n\u00e9cessaire pour l'ex\u00e9cution de notre contrat avec vous ou pour se conformer \u00e0 une obligation l\u00e9gale. Avec les soci\u00e9t\u00e9s qui traitent vos donn\u00e9es en notre nom, nous concluons un contrat de sous-traitance pour assurer un niveau identique de s\u00e9curit\u00e9 et de confidentialit\u00e9 de vos donn\u00e9es. TN-Invest sprl demeure responsable de ces op\u00e9rations de traitement.<\/p>\n<p><strong>Cookies, ou techniques similaires, utilis\u00e9 par nous.<\/strong><\/p>\n<p>TN-Invest sprl n'utilise que des cookies techniques et fonctionnels, ainsi que des cookies analytiques qui ne portent pas atteinte \u00e0 votre vie priv\u00e9e. Un cookie est un petit fichier texte qui est stock\u00e9 sur votre ordinateur, tablette ou smartphone lors de votre premi\u00e8re visite sur ce site Internet. Les cookies que nous utilisons sont n\u00e9cessaires au fonctionnement technique du site et \u00e0 votre confort. Ils s'assurent du bon fonctionnement du site Internet et se souviennent, par exemple, de vos param\u00e8tres pr\u00e9f\u00e9r\u00e9s. Ils nous permettent \u00e9galement d'optimiser notre site Internet. Vous pouvez vous d\u00e9sabonner des cookies en param\u00e9trant votre navigateur Internet pour qu'il ne stocke plus de cookies. En outre, vous pouvez \u00e9galement supprimer toutes les informations pr\u00e9c\u00e9demment stock\u00e9es dans les param\u00e8tres de votre navigateur.<\/p>\n<p><strong>Consulter, modifier ou supprimer des donn\u00e9es<\/strong><\/p>\n<p>Vous disposez d'un droit d'acc\u00e8s, de rectification ou de suppression de vos donn\u00e9es personnelles. En outre, vous avez le droit de retirer votre consentement au traitement des donn\u00e9es ou de vous opposer au traitement de vos donn\u00e9es personnelles par TN-Invest sprl et vous avez le droit au transfert des donn\u00e9es. Cela signifie que vous pouvez nous demander d'envoyer les donn\u00e9es personnelles que nous avons sur vous dans un fichier informatique \u00e0 vous ou \u00e0 une autre organisation que vous avez mentionn\u00e9e.<br \/>Vous pouvez envoyer une demande d'acc\u00e8s, de rectification, de suppression, de transfert de vos donn\u00e9es personnelles ou une demande de retrait de votre consentement ou d'opposition au traitement de vos donn\u00e9es personnelles \u00e0 info@tn-invest.be.<\/p>\n<p>Afin d'\u00eatre s\u00fbr que la demande d'inspection a \u00e9t\u00e9 effectu\u00e9e par vous, nous vous demandons de nous faire parvenir une copie de votre pi\u00e8ce d'identit\u00e9 avec la demande. Seul le nom doit \u00eatre visible, les autres informations peuvent \u00eatre cach\u00e9es. Il s'agit de prot\u00e9ger votre vie priv\u00e9e. Nous r\u00e9pondrons \u00e0 votre demande dans les plus brefs d\u00e9lais, au maximum dans un d\u00e9lai de quatre semaines.<\/p>\n<p>TN-Invest sprl tient \u00e9galement \u00e0 vous signaler que vous avez la possibilit\u00e9 de d\u00e9poser une plainte aupr\u00e8s des autorit\u00e9s de r\u00e9gulation belges, via le lien suivant : www.belgium.be\/nl\/justitie\/privacy\/bescherming_persoonsgegevens\/rechten_van_de_betrokkene<\/p>\n<p><strong>Protection des donn\u00e9es personnelles<\/strong><\/p>\n<p>TN-Invest sprl s\u2019engage pour la protection de vos donn\u00e9es et prend les mesures appropri\u00e9es pour pr\u00e9venir les abus, les pertes, les acc\u00e8s non autoris\u00e9s, les divulgations non d\u00e9sir\u00e9es et les alt\u00e9rations non autoris\u00e9es. Si vous estimez que vos donn\u00e9es ne sont pas s\u00e9curis\u00e9es ou qu'il y a des indications d'utilisation abusive, veuillez contacter notre service client\u00e8le ou \u00e9crire \u00e0 info@tn-invest.be<\/p><\/p>\n<\/div>\n<\/div><\/div><\/div><\/div><\/div><\/div>","protected":false},"excerpt":{"rendered":"<p>TN-Invest sprl, \u00e9tablie \u00e0 Esdoornstraat 52, 8300 Knokke-Heist, Belgique, est responsable du traitement des donn\u00e9es personnelles telles qu&#8217;elles figurent dans la pr\u00e9sente d\u00e9claration de confidentialit\u00e9. Coordonn\u00e9es : TN-Invest sprl, Nijverheidsstraat 132260 WesterloBelgique +3250691851 Tony Nollet est le Responsable de la Protection des Donn\u00e9es de TN-Invest sprl. Il est joignable \u00e0 tony@tn-invest.be Donn\u00e9es personnelles trait\u00e9es par [&hellip;]<\/p>\n","protected":false},"author":2,"featured_media":0,"parent":0,"menu_order":0,"comment_status":"closed","ping_status":"closed","template":"","meta":{"footnotes":""},"class_list":["post-359","page","type-page","status-publish","hentry","post"],"_links":{"self":[{"href":"https:\/\/tn-invest.be\/fr\/wp-json\/wp\/v2\/pages\/359","targetHints":{"allow":["GET"]}}],"collection":[{"href":"https:\/\/tn-invest.be\/fr\/wp-json\/wp\/v2\/pages"}],"about":[{"href":"https:\/\/tn-invest.be\/fr\/wp-json\/wp\/v2\/types\/page"}],"author":[{"embeddable":true,"href":"https:\/\/tn-invest.be\/fr\/wp-json\/wp\/v2\/users\/2"}],"replies":[{"embeddable":true,"href":"https:\/\/tn-invest.be\/fr\/wp-json\/wp\/v2\/comments?post=359"}],"version-history":[{"count":4,"href":"https:\/\/tn-invest.be\/fr\/wp-json\/wp\/v2\/pages\/359\/revisions"}],"predecessor-version":[{"id":416,"href":"https:\/\/tn-invest.be\/fr\/wp-json\/wp\/v2\/pages\/359\/revisions\/416"}],"wp:attachment":[{"href":"https:\/\/tn-invest.be\/fr\/wp-json\/wp\/v2\/media?parent=359"}],"curies":[{"name":"wp","href":"https:\/\/api.w.org\/{rel}","templated":true}]}}