{"id":147,"date":"2016-10-10T16:38:24","date_gmt":"2016-10-10T14:38:24","guid":{"rendered":"http:\/\/lokaliseer.w016.vx.ativ.mooieserver.nl\/?page_id=147"},"modified":"2022-07-15T12:24:06","modified_gmt":"2022-07-15T10:24:06","slug":"contact","status":"publish","type":"page","link":"https:\/\/tn-invest.be\/fr\/contact\/","title":{"rendered":"Contact"},"content":{"rendered":"<div id=\"pl-147\"  class=\"panel-layout\" ><div id=\"pg-147-0\"  class=\"panel-grid panel-no-style\" ><div id=\"pgc-147-0-0\"  class=\"panel-grid-cell\" ><style type=\"text\/css\">\n.qtranxs_widget ul { margin: 0; }\n.qtranxs_widget ul li\n{\ndisplay: inline; \/* horizontal list, use \"list-item\" or other appropriate value for vertical list *\/\nlist-style-type: none; \/* use \"initial\" or other to enable bullets *\/\nmargin: 0 5px 0 0; \/* adjust spacing between items *\/\nopacity: 0.5;\n-o-transition: 1s ease opacity;\n-moz-transition: 1s ease opacity;\n-webkit-transition: 1s ease opacity;\ntransition: 1s ease opacity;\n}\n\/* .qtranxs_widget ul li span { margin: 0 5px 0 0; } *\/ \/* other way to control spacing *\/\n.qtranxs_widget ul li.active { opacity: 0.8; }\n.qtranxs_widget ul li:hover { opacity: 1; }\n.qtranxs_widget img { box-shadow: none; vertical-align: middle; display: initial; }\n.qtranxs_flag { height:12px; width:18px; display:block; }\n.qtranxs_flag_and_text { padding-left:20px; }\n.qtranxs_flag span { display:none; }\n<\/style>\n<div id=\"panel-147-0-0-0\" class=\"so-panel widget widget_qtranslate qtranxs_widget panel-first-child\" data-index=\"0\" ><div class=\"talen panel-widget-style panel-widget-style-for-147-0-0-0\" >\n<ul class=\"language-chooser language-chooser-image qtranxs_language_chooser\" id=\"qtranslate-1-chooser\">\n<li class=\"lang-nl\"><a href=\"https:\/\/tn-invest.be\/nl\/wp-json\/wp\/v2\/pages\/147\" hreflang=\"nl\" title=\"Nederlands (nl)\" class=\"qtranxs_image qtranxs_image_nl\"><img decoding=\"async\" src=\"https:\/\/tn-invest.be\/wp-content\/plugins\/qtranslate-x\/flags\/nl.png\" alt=\"Nederlands (nl)\" \/><span style=\"display:none\">Nederlands<\/span><\/a><\/li>\n<li class=\"lang-fr active\"><a href=\"https:\/\/tn-invest.be\/fr\/wp-json\/wp\/v2\/pages\/147\" hreflang=\"fr\" title=\"Fran\u00e7ais (fr)\" class=\"qtranxs_image qtranxs_image_fr\"><img decoding=\"async\" src=\"https:\/\/tn-invest.be\/wp-content\/plugins\/qtranslate-x\/flags\/fr.png\" alt=\"Fran\u00e7ais (fr)\" \/><span style=\"display:none\">Fran\u00e7ais<\/span><\/a><\/li>\n<\/ul><div class=\"qtranxs_widget_end\"><\/div>\n<\/div><\/div><div id=\"panel-147-0-0-1\" class=\"so-panel widget widget_headline-widget\" data-index=\"1\" >\t\t<h1>Contact<\/h1>\n\t\t<div class=\"decoration\"><div class=\"decoration-inside\"><\/div><\/div>\n\t\t<h3><\/h3>\n\t\t<\/div><div id=\"panel-147-0-0-2\" class=\"so-panel widget widget_sow-editor panel-last-child\" data-index=\"2\" ><div\n\t\t\t\n\t\t\tclass=\"so-widget-sow-editor so-widget-sow-editor-base\"\n\t\t\t\n\t\t>\n<div class=\"siteorigin-widget-tinymce textwidget\">\n\t<div class=\"changetable\">\n<div id=\"pages\" class=\"editable\">\n<p>Si vous d\u00e9sirez plus d\u2019informations\u00a0 en ce qui concerne nos produits, veuillez remplir le formulaire ci-dessous.<\/p>\n<\/div>\n<\/div>\n<p>Nijverheidsstraat 13<br data-rich-text-line-break=\"true\" \/>2260 Westerlo<br data-rich-text-line-break=\"true\" \/>Belgi\u00eb<\/p>\n<p>BE: 0032(0)50.69.18.51 <br \/>NL: 0031(0)85.303.14.83<br \/>info@tninvest.be<\/p>\n<p>IBAN: be82001834189568<br \/>BIC: gebabebb<br \/>Btw: BE 0690.932.582<\/p>\n<\/div>\n<\/div><\/div><\/div><div id=\"pgc-147-0-1\"  class=\"panel-grid-cell\" ><div id=\"panel-147-0-1-0\" class=\"so-panel widget widget_headline-widget panel-first-child\" data-index=\"3\" >\t\t<h1>Contact us<\/h1>\n\t\t<div class=\"decoration\"><div class=\"decoration-inside\"><\/div><\/div>\n\t\t<h3><\/h3>\n\t\t<\/div><div id=\"panel-147-0-1-1\" class=\"so-panel widget widget_sow-editor panel-last-child\" data-index=\"4\" ><div\n\t\t\t\n\t\t\tclass=\"so-widget-sow-editor so-widget-sow-editor-base\"\n\t\t\t\n\t\t>\n<div class=\"siteorigin-widget-tinymce textwidget\">\n\t\n<div class=\"wpcf7 no-js\" id=\"wpcf7-f394-o1\" lang=\"nl-NL\" dir=\"ltr\" data-wpcf7-id=\"394\">\n<div class=\"screen-reader-response\"><p role=\"status\" aria-live=\"polite\" aria-atomic=\"true\"><\/p> <ul><\/ul><\/div>\n<form action=\"\/fr\/wp-json\/wp\/v2\/pages\/147#wpcf7-f394-o1\" method=\"post\" class=\"wpcf7-form init\" aria-label=\"Contact form\" novalidate=\"novalidate\" data-status=\"init\">\n<div style=\"display: none;\">\n<input type=\"hidden\" name=\"_wpcf7\" value=\"394\" \/>\n<input type=\"hidden\" name=\"_wpcf7_version\" value=\"6.0.4\" \/>\n<input type=\"hidden\" name=\"_wpcf7_locale\" value=\"nl_NL\" \/>\n<input type=\"hidden\" name=\"_wpcf7_unit_tag\" value=\"wpcf7-f394-o1\" \/>\n<input type=\"hidden\" name=\"_wpcf7_container_post\" value=\"0\" \/>\n<input type=\"hidden\" name=\"_wpcf7_posted_data_hash\" value=\"\" \/>\n<input type=\"hidden\" name=\"_wpcf7_recaptcha_response\" value=\"\" \/>\n<\/div>\n<p><label>Votre nom?<br \/>\n<span class=\"wpcf7-form-control-wrap\" data-name=\"your-name\"><input size=\"40\" maxlength=\"400\" class=\"wpcf7-form-control wpcf7-text wpcf7-validates-as-required\" aria-required=\"true\" aria-invalid=\"false\" value=\"\" type=\"text\" name=\"your-name\" \/><\/span> <\/label>\n<\/p>\n<p><label>num\u00e9ro de t\u00e9l\u00e9phone<br \/>\n<span class=\"wpcf7-form-control-wrap\" data-name=\"phone\"><input size=\"40\" maxlength=\"400\" class=\"wpcf7-form-control wpcf7-tel wpcf7-text wpcf7-validates-as-tel\" aria-invalid=\"false\" value=\"\" type=\"tel\" name=\"phone\" \/><\/span> <\/label>\n<\/p>\n<p><label>Quel est votre email?<br \/>\n<span class=\"wpcf7-form-control-wrap\" data-name=\"your-email\"><input size=\"40\" maxlength=\"400\" class=\"wpcf7-form-control wpcf7-email wpcf7-validates-as-required wpcf7-text wpcf7-validates-as-email\" aria-required=\"true\" aria-invalid=\"false\" value=\"\" type=\"email\" name=\"your-email\" \/><\/span> <\/label>\n<\/p>\n<p><label>Sujet<br \/>\n<span class=\"wpcf7-form-control-wrap\" data-name=\"your-subject\"><input size=\"40\" maxlength=\"400\" class=\"wpcf7-form-control wpcf7-text\" aria-invalid=\"false\" value=\"\" type=\"text\" name=\"your-subject\" \/><\/span> <\/label>\n<\/p>\n<p><label> Adresse mail\/question?<br \/>\n<span class=\"wpcf7-form-control-wrap\" data-name=\"your-message\"><textarea cols=\"40\" rows=\"10\" maxlength=\"2000\" class=\"wpcf7-form-control wpcf7-textarea\" aria-invalid=\"false\" name=\"your-message\"><\/textarea><\/span> <\/label>\n<\/p>\n<p><span id=\"wpcf7-69df4eceb8b51-wrapper\" class=\"wpcf7-form-control-wrap hp-812-wrap\" style=\"display:none !important; visibility:hidden !important;\"><label for=\"wpcf7-69df4eceb8b51-field\" class=\"hp-message\">Please leave this field empty.<\/label><input id=\"wpcf7-69df4eceb8b51-field\"  class=\"wpcf7-form-control wpcf7-text\" type=\"text\" name=\"hp-812\" value=\"\" size=\"40\" tabindex=\"-1\" autocomplete=\"new-password\" \/><\/span>\n<\/p>\n<p><input class=\"wpcf7-form-control wpcf7-submit has-spinner\" type=\"submit\" value=\"Envoyer\" \/>\n<\/p><div class=\"wpcf7-response-output\" aria-hidden=\"true\"><\/div>\n<\/form>\n<\/div>\n\n<\/div>\n<\/div><\/div><\/div><\/div><div id=\"pg-147-1\"  class=\"panel-grid panel-has-style\" ><div class=\"so-parallax siteorigin-panels-stretch panel-row-style panel-row-style-for-147-1\" data-stretch-type=\"full\" ><img fetchpriority=\"high\" decoding=\"async\" width=\"6856\" height=\"2358\" src=\"https:\/\/tn-invest.be\/wp-content\/uploads\/2016\/10\/tni-2-1.jpg\" class=\"attachment-full size-full\" alt=\"\" data-siteorigin-parallax=\"true\" loading=\"eager\" srcset=\"https:\/\/tn-invest.be\/wp-content\/uploads\/2016\/10\/tni-2-1.jpg 6856w, https:\/\/tn-invest.be\/wp-content\/uploads\/2016\/10\/tni-2-1-300x103.jpg 300w, https:\/\/tn-invest.be\/wp-content\/uploads\/2016\/10\/tni-2-1-768x264.jpg 768w, https:\/\/tn-invest.be\/wp-content\/uploads\/2016\/10\/tni-2-1-1024x352.jpg 1024w\" sizes=\"(max-width: 6856px) 100vw, 6856px\" \/><div id=\"pgc-147-1-0\"  class=\"panel-grid-cell panel-grid-cell-empty panel-grid-cell-mobile-last\" ><\/div><div id=\"pgc-147-1-1\"  class=\"panel-grid-cell panel-grid-cell-empty\" ><\/div><\/div><\/div><\/div>","protected":false},"excerpt":{"rendered":"<p>Si vous d\u00e9sirez plus d\u2019informations\u00a0 en ce qui concerne nos produits, veuillez remplir le formulaire ci-dessous. Nijverheidsstraat 132260 WesterloBelgi\u00eb BE: 0032(0)50.69.18.51 NL: 0031(0)85.303.14.83info@tninvest.be IBAN: be82001834189568BIC: gebabebbBtw: BE 0690.932.582<\/p>\n","protected":false},"author":1,"featured_media":0,"parent":0,"menu_order":0,"comment_status":"closed","ping_status":"closed","template":"","meta":{"footnotes":""},"class_list":["post-147","page","type-page","status-publish","hentry","post"],"_links":{"self":[{"href":"https:\/\/tn-invest.be\/fr\/wp-json\/wp\/v2\/pages\/147","targetHints":{"allow":["GET"]}}],"collection":[{"href":"https:\/\/tn-invest.be\/fr\/wp-json\/wp\/v2\/pages"}],"about":[{"href":"https:\/\/tn-invest.be\/fr\/wp-json\/wp\/v2\/types\/page"}],"author":[{"embeddable":true,"href":"https:\/\/tn-invest.be\/fr\/wp-json\/wp\/v2\/users\/1"}],"replies":[{"embeddable":true,"href":"https:\/\/tn-invest.be\/fr\/wp-json\/wp\/v2\/comments?post=147"}],"version-history":[{"count":18,"href":"https:\/\/tn-invest.be\/fr\/wp-json\/wp\/v2\/pages\/147\/revisions"}],"predecessor-version":[{"id":415,"href":"https:\/\/tn-invest.be\/fr\/wp-json\/wp\/v2\/pages\/147\/revisions\/415"}],"wp:attachment":[{"href":"https:\/\/tn-invest.be\/fr\/wp-json\/wp\/v2\/media?parent=147"}],"curies":[{"name":"wp","href":"https:\/\/api.w.org\/{rel}","templated":true}]}}